{"id":54662,"date":"2024-01-16T11:27:52","date_gmt":"2024-01-16T11:27:52","guid":{"rendered":"https:\/\/ticketmaster-enterprise.local\/?page_id=54662"},"modified":"2025-10-10T07:29:52","modified_gmt":"2025-10-10T07:29:52","slug":"work-with-us","status":"publish","type":"page","link":"https:\/\/business.ticketmaster.ch\/fr\/work-with-us\/","title":{"rendered":"Travailler avec nous"},"content":{"rendered":"\n<div class=\"wp-block-group alignfull is-style-padding-alt-2 has-base-color has-contrast-background-color has-text-color has-background has-link-color wp-elements-52eaf51da14a153e695949d6b08c83d5 has-global-padding is-layout-constrained wp-block-group-is-layout-constrained\">\n<section class=\"wp-block-group alignwide is-layout-flow wp-block-group-is-layout-flow\">\n<div class=\"wp-block-columns is-style-lg-row-reverse is-layout-flex wp-container-core-columns-is-layout-28f84493 wp-block-columns-is-layout-flex\">\n<div class=\"wp-block-column is-layout-flow wp-block-column-is-layout-flow\"><div  class=\"align wp-block-acf-pull-to-edge\">\n\t<div class=\"pull-to-edge pull-to-edge--right\">\n<div  class=\"align wp-block-acf-tm-shapes\">\n    <div class=\"tm-shapes\">\n        <div class=\"shape shape--square has-tertiary-3-background-color\"><\/div>\n        <div class=\"shape shape--circle has-primary-background-color\"><\/div>\n    <\/div>\n<\/div>\n<\/div>\t\n<\/div><\/div>\n\n\n\n<div class=\"wp-block-column is-layout-flow wp-block-column-is-layout-flow\">\n<h1 class=\"wp-block-heading\">Travailler avec nous<\/h1>\n\n\n\n<p class=\"is-style-max-width\">Pr\u00e9sente-nous le projet que tu souhaites r\u00e9aliser avec nous et nous mettrons \u00e0 ta disposition une \u00e9quipe qui d\u00e9veloppera la meilleure solution pour r\u00e9pondre \u00e0 tes besoins sp\u00e9cifiques et produire des r\u00e9sultats concrets.<\/p>\n<\/div>\n<\/div>\n<\/section>\n<\/div>\n\n\n\n<div class=\"wp-block-group has-base-background-color has-background has-global-padding is-layout-constrained wp-block-group-is-layout-constrained\" style=\"padding-top:0;padding-bottom:0\"><div  class=\"alignwide wp-block-acf-tme-form\">\n\n    \t<div class=\"tme-form__question-switcher has-primary-background-color has-base-color\">\n\t\t<div class=\"inner-content\">\n\t\t\t<h3 class=\"wp-block-heading\">Comment pouvons-nous t&#8217;aider\u00a0?<\/h3>\t\t\t<div class=\"tme-form__switcher\">\n\t\t\t\t<select>\n\t\t\t\t\t<option value=\"\">Please select an answer<\/option>\n\t\t\t\t\t<option value=\"form-0\">Je souhaite en savoir plus sur les solutions Ticketmaster.<\/option><option value=\"form-1\">Je suis d\u00e9j\u00e0 client-e Ticketmaster et souhaite avoir acc\u00e8s \u00e0 TM1.<\/option><option value=\"form-2\">J\u2019ai achet\u00e9 des billets pour un \u00e9v\u00e9nement sur Ticketmaster et ai besoin d\u2019aide<\/option>\t\t\t\t<\/select>\n\t\t\t<\/div>\n\t\t<\/div>\n\t<\/div>\n\t\n        <div class=\"enterprise-forms\">\n        \n                <form novalidate data-id=\"form-0\" class=\"enterprise-form enterprise-form--single-page\" action=\"https:\/\/webto.salesforce.com\/servlet\/servlet.WebToLead?encoding=UTF-8\" method=\"POST\">\n                        <input name=\"captcha_settings\" type=\"hidden\" value='{\"keyname\":\"TM_NA\",\"fallback\":\"true\",\"orgId\":\"00DA0000000Yo1o\",\"ts\":\"\"}' \/>\n                        <input type=\"hidden\" name=\"oid\" value=\"00DA0000000Yo1o\">\n            <input type=\"hidden\" name=\"retURL\" value=\"https:\/\/business.ticketmaster.ch\/fr\/work-with-us\/thank-you\/\">\n            <input type=\"hidden\" class=\"location\" id=\"00N3x00000EUnSL\" name=\"00N3x00000EUnSL\" value=\"Switzerland\"\/>\n            <input type=\"hidden\" id=\"lead_source\" name=\"lead_source\" value=\"Web Form\"\/>\n            <input type=\"hidden\" id=\"00N3x00000EUnSQ\" name=\"00N3x00000EUnSQ\" value=\"TM B2B CH\"\/>\n            <input type=\"hidden\" class=\"currency\" id=\"currency\" name=\"currency\" value=\"CHF\"\/>\n            \n            \n            \n                    <div class=\"enterprise-form__section\" id=\"form-section-1\">\n                        \n                        <div class=\"enterprise-form__section-intro\">\n                            <h2>\u00c0 propos de toi et de ton entreprise<\/h2>\n<p>Tu souhaites en savoir plus sur Ticketmaster ? Pr\u00e9sente-toi bri\u00e8vement et nous trouverons ensemble les solutions ad\u00e9quates pour assurer le succ\u00e8s de ton \u00e9v\u00e9nement.<\/p>\n                        <\/div>\n                        <div class=\"enterprise-form__section-html\">\n                            <div class=\"left-side\">\r\n  <label for=\"first_name\">Pr\u00e9nom:<\/label>\r\n  <div class=\"form-required\">\r\n  <input id=\"first_name\" maxlength=\"40\" name=\"first_name\" size=\"20\" type=\"text\" required=\"\" \/>\r\n  <label class=\"form-alert\" role=\"alert\" aria-invalid=\"true\">Merci de renseigner ton pr\u00e9nom.<\/label>\r\n  <\/div>\r\n<\/div>\r\n\r\n<div class=\"right-side\">\r\n  <label for=\"last_name\">Nom de famille:<\/label>\r\n  <div class=\"form-required\">\r\n  <input id=\"last_name\" maxlength=\"80\" name=\"last_name\" size=\"20\" type=\"text\" required=\"\" \/>\r\n  <label class=\"form-alert\" role=\"alert\" aria-invalid=\"true\"> Merci de renseigner ton nom de famille.<\/label>\r\n  <\/div>\r\n<\/div>\r\n\r\n<label for=\"email\">E-mail:<\/label>\r\n<div class=\"form-required\">\r\n  <input id=\"email\" maxlength=\"80\" name=\"email\" size=\"20\" type=\"text\" pattern=\"^([0-9a-zA-Z]([-.\\w]*[0-9a-zA-Z])*@([0-9a-zA-Z][-\\w]*[0-9a-zA-Z]\\.)+[a-zA-Z]{2,6})$\" required=\"\" \/>\r\n  <label class=\"form-alert\" role=\"alert\" aria-invalid=\"true\"> Merci de renseigner une adresse e-mail valide.<\/label>\r\n<\/div>\r\n\r\n<label for=\"phone\">Num\u00e9ro de t\u00e9l\u00e9phone:<\/label>\r\n<div class=\"form-required\">\r\n  <input id=\"phone\" maxlength=\"40\" name=\"phone\" size=\"20\" type=\"text\" required=\"\" \/>\r\n  <label class=\"form-alert\" role=\"alert\" aria-invalid=\"true\"> Merci de renseigner un num\u00e9ro de t\u00e9l\u00e9phone.<\/label>\r\n<\/div>\r\n\r\n\r\n<label for=\"company\">Soci\u00e9t\u00e9:<\/label>\r\n<div class=\"form-required\">\r\n  <input id=\"company\" maxlength=\"40\" name=\"company\" size=\"20\" type=\"text\" required=\"\" \/>\r\n  <label class=\"form-alert\" role=\"alert\" aria-invalid=\"true\"> Merci de renseigner le nom de ta soci\u00e9t\u00e9.<\/label>\r\n<\/div>\r\n\r\n<input type=\"hidden\" id=\"00N3x00000EUnSK\" name=\"00N3x00000EUnSK\" value=\"fr\">\r\n\r\n    <label for=\"00N3x00000EUnSM\">Nombre de billets par ann\u00e9e:<\/label>\r\n    <div class=\"form-required styled-select\">\r\n      <select id=\"00N3x00000EUnSM\" name=\"00N3x00000EUnSM\" title=\"Number of Tickets\" required=\"\">\r\n        <option value=\"\">&#8211;S\u00e9lectionner&#8211;<\/option>\r\n        <option value=\"&lt;999\">&lt;999<\/option>\r\n        <option value=\"1,000 - 4,999\">1000 &#8211; 4999<\/option>\r\n        <option value=\"5,000 - 9,999\">5000 &#8211; 9999<\/option>\r\n        <option value=\"10,000 \u2013 24,999\">10 000 \u2013 24 999<\/option>\r\n        <option value=\"25,000 \u2013 49,999\">25 000 \u2013 49 999<\/option>\r\n        <option value=\"50,000 \u2013 99,999\">50 000 \u2013 99 999<\/option>\r\n        <option value=\"100,000 \u2013 250,000\">100 000 \u2013 250 000<\/option>\r\n        <option value=\"Over 250,000\">Plus de 250 000<\/option>\r\n      <\/select>\r\n      <svg cxmlns=\"http:\/\/www.w3.org\/2000\/svg\" width=\"16\" height=\"16\" viewBox=\"0 0 16 16\"><path fill=\"#262626\" fill-opacity=\".65\" fill-rule=\"nonzero\" d=\"M8 10.768l6.678-6.679a.774.774 0 1 1 1.095 1.095L8.547 12.41a.774.774 0 0 1-1.094 0L.227 5.184A.774.774 0 0 1 1.322 4.09L8 10.768z\"><\/path><\/svg>\r\n      <label class=\"form-alert\" role=\"alert\" aria-invalid=\"true\">Bitte die Anzahl der Tickets ausw\u00e4hlen.<\/label>\r\n    <\/div>\r\n\r\n\r\n<label for=\"00NA0000009HjY4\">Types de billets:<\/label>\r\n<div class=\"form-required styled-select\">\r\n  <select  id=\"00NA0000009HjY4\" name=\"00NA0000009HjY4\" title=\"Type of Ticket\" required>\r\n    <option value=\"\">&#8211;S\u00e9lectionner&#8211;<\/option>\r\n    <option value=\"General Admission\">Placement libre<\/option>\r\n    <option value=\"Reserved\">Places assises assign\u00e9es<\/option>\r\n    <option value=\"GA and Reserved\">Placement libre et places assises<\/option>\r\n    <option value=\"Unknown\">Je ne sais pas<\/option>\r\n  <\/select>\r\n      <svg cxmlns=\"http:\/\/www.w3.org\/2000\/svg\" width=\"16\" height=\"16\" viewBox=\"0 0 16 16\"><path fill=\"#262626\" fill-opacity=\".65\" fill-rule=\"nonzero\" d=\"M8 10.768l6.678-6.679a.774.774 0 1 1 1.095 1.095L8.547 12.41a.774.774 0 0 1-1.094 0L.227 5.184A.774.774 0 0 1 1.322 4.09L8 10.768z\"><\/path><\/svg>\r\n<label role=\"alert\" aria-invalid=\"true\" class=\"form-alert\">Bitte den Tickettyp ausw\u00e4hlen.<\/label>\r\n<\/div>\r\n    \r\n\r\n<label for=\"description\">Informations suppl\u00e9mentaires:<\/label>\r\n<div class=\"form-required\">\r\n  <textarea name=\"description\" id=\"description\"><\/textarea>\r\n  <label class=\"form-alert\" role=\"alert\" aria-invalid=\"true\">Bitte eine Beschreibung eingeben.<\/label>\r\n<\/div>\n                                                                            <div id=\"recaptcha-0\" class=\"g-recaptcha\" style=\"display: block; clear: both; padding-top: 20px;\" data-callback=\"recaptcha_callback\" data-sitekey=\"6LeMxrIgAAAAAA7_CxA7rsMb6xZYMCvaQPtRGzYw\"><\/div>\n                                        <p style=\"color: #666; padding-top: 3px; font-size: 12px;\">Please complete the reCAPTCHA before submitting the form.<\/p>\n                                    \n                                    <div class=\"enterprise-form__controls\">\n                                        <input class=\"contact_submit\" id=\"contact-submit-0\" class=\"button\" type=\"submit\" value=\"Submit\" disabled=\"true\" \/>\n                                    <\/div>\n\n                                                        <\/div>\n                    <\/div>\n\n                \n        <\/form>\n                <form novalidate data-id=\"form-1\" class=\"enterprise-form enterprise-form--single-page\" action=\"https:\/\/webto.salesforce.com\/servlet\/servlet.WebToLead?encoding=UTF-8\" method=\"POST\">\n                        <input name=\"captcha_settings\" type=\"hidden\" value='{\"keyname\":\"TM_NA\",\"fallback\":\"true\",\"orgId\":\"00DA0000000Yo1o\",\"ts\":\"\"}' \/>\n                        <input type=\"hidden\" name=\"oid\" value=\"00DA0000000Yo1o\">\n            <input type=\"hidden\" name=\"retURL\" value=\"https:\/\/business.ticketmaster.ch\/fr\/\">\n            <input type=\"hidden\" class=\"location\" id=\"00N3x00000EUnSL\" name=\"00N3x00000EUnSL\" value=\"Switzerland\"\/>\n            <input type=\"hidden\" id=\"lead_source\" name=\"lead_source\" value=\"Web Form\"\/>\n            <input type=\"hidden\" id=\"00N3x00000EUnSQ\" name=\"00N3x00000EUnSQ\" value=\"TM B2B CH\"\/>\n            <input type=\"hidden\" class=\"currency\" id=\"currency\" name=\"currency\" value=\"CHF\"\/>\n            \n            \n            \n                    <div class=\"enterprise-form__section\" id=\"form-section-1\">\n                        \n                        <div class=\"enterprise-form__section-intro\">\n                            <h2 class=\"p1\">Vends tes billets avec nous<\/h2>\n<p>Notre \u00e9quipe de vente traite uniquement les demandes B2B. Pour toute question concernant un \u00e9v\u00e9nement, un billet ou une commande, nous t&#8217;invitons \u00e0 t&#8217;adresser \u00e0 notre <a class=\"c-link\" href=\"https:\/\/help.ticketmaster.ch\/hc\/fr-ch?_gl=1*1wp3pmt*_ga*MTg1MjM1NDA0OC4xNzMwOTcyMTgz*_ga_B6Z30TPD24*MTczMDk3MjE4My4xLjEuMTczMDk3OTMwNS41OC4wLjA.\" target=\"_blank\" rel=\"noopener noreferrer\" data-stringify-link=\"https:\/\/help.ticketmaster.ch\/hc\/fr-ch?_gl=1*1wp3pmt*_ga*MTg1MjM1NDA0OC4xNzMwOTcyMTgz*_ga_B6Z30TPD24*MTczMDk3MjE4My4xLjEuMTczMDk3OTMwNS41OC4wLjA.\" data-sk=\"tooltip_parent\">\u00e9quipe d&#8217;assistance aux fans<\/a>.<\/p>\n                        <\/div>\n                        <div class=\"enterprise-form__section-html\">\n                            <h3>Nous t&#8217;aidons volontiers<\/h3>\n<p>Notre \u00e9quipe d&#8217;assistance aux fans est \u00e0 ta disposition pour toute question, depuis le moment de l&#8217;achat du billet jusqu&#8217;\u00e0 l&#8217;\u00e9v\u00e9nement et \u00e9galement en cas d&#8217;annulation.<\/p>\n<h3>Inscription \u00e0 TM1<\/h3>\n<p>TM1 est notre plateforme compl\u00e8te et performante : Nous soutenons nos client-es dans chaque phases du processus de vente de billets d&#8217;\u00e9v\u00e9nements.<\/p>\n<p><a class=\"btn\" href=\"https:\/\/login.ticketmaster.com\/\" target=\"_blank\" rel=\"noopener\">Inscription \u00e0 TM1<\/a><\/p>\n                        <\/div>\n                    <\/div>\n\n                \n        <\/form>\n                <form novalidate data-id=\"form-2\" class=\"enterprise-form enterprise-form--single-page\" action=\"https:\/\/webto.salesforce.com\/servlet\/servlet.WebToLead?encoding=UTF-8\" method=\"POST\">\n                        <input name=\"captcha_settings\" type=\"hidden\" value='{\"keyname\":\"TM_NA\",\"fallback\":\"true\",\"orgId\":\"00DA0000000Yo1o\",\"ts\":\"\"}' \/>\n                        <input type=\"hidden\" name=\"oid\" value=\"00DA0000000Yo1o\">\n            <input type=\"hidden\" name=\"retURL\" value=\"https:\/\/business.ticketmaster.ch\/fr\/\">\n            <input type=\"hidden\" class=\"location\" id=\"00N3x00000EUnSL\" name=\"00N3x00000EUnSL\" value=\"Switzerland\"\/>\n            <input type=\"hidden\" id=\"lead_source\" name=\"lead_source\" value=\"Web Form\"\/>\n            <input type=\"hidden\" id=\"00N3x00000EUnSQ\" name=\"00N3x00000EUnSQ\" value=\"TM B2B CH\"\/>\n            <input type=\"hidden\" class=\"currency\" id=\"currency\" name=\"currency\" value=\"CHF\"\/>\n            \n            \n            \n                    <div class=\"enterprise-form__section\" id=\"form-section-1\">\n                        \n                        <div class=\"enterprise-form__section-intro\">\n                            <h2> Nous t\u2019aidons<\/h2>\n                        <\/div>\n                        <div class=\"enterprise-form__section-html\">\n                            <p>Si tu as achet\u00e9 ou re\u00e7u des billets pour un \u00e9v\u00e9nement et as une question \u00e0 leur sujet (comment les utiliser, sur la possibilit\u00e9 de les transf\u00e9rer, etc.), <a href=\"https:\/\/help.ticketmaster.ch\/hc\/fr-ch\" target=\"_blank\" rel=\"noopener\">merci de contacter notre Fan Support<\/a>.<\/p>\n<p>Tu trouveras plus d\u2019informations sur notre plateforme de revente de billets Fan \u00e0 Fan sure le lien suivant : <a href=\"https:\/\/www.ticketmaster.ch\/feature\/resale\/?language=fr-ch\" target=\"_blank\" rel=\"noopener\"> https:\/\/www.ticketmaster.ch\/feature\/resale<\/a>. Si tu aimerais acheter des billets pour un \u00e9v\u00e9nement, connecte-toi sur <a href=\"https:\/\/www.ticketmaster.ch\/\" target=\"_blank\" rel=\"noopener\">Ticketmaster.ch.<\/a><\/p>\n                        <\/div>\n                    <\/div>\n\n                \n        <\/form>\n            <\/div>\n    <\/div>\n\n<\/div>\n","protected":false},"excerpt":{"rendered":"<p>Travailler avec nous Pr\u00e9sente-nous le projet que tu souhaites r\u00e9aliser avec nous et nous mettrons \u00e0 ta disposition une \u00e9quipe qui d\u00e9veloppera la meilleure solution pour r\u00e9pondre \u00e0 tes besoins sp\u00e9cifiques et produire des r\u00e9sultats concrets.<\/p>\n","protected":false},"author":82,"featured_media":0,"parent":0,"menu_order":12,"comment_status":"closed","ping_status":"closed","template":"","meta":{"_acf_changed":true,"_relevanssi_hide_post":"","_relevanssi_hide_content":"","_relevanssi_pin_for_all":"","_relevanssi_pin_keywords":"","_relevanssi_unpin_keywords":"","_relevanssi_related_keywords":"","_relevanssi_related_include_ids":"","_relevanssi_related_exclude_ids":"","_relevanssi_related_no_append":"","_relevanssi_related_not_related":"","_relevanssi_related_posts":"55586,55549,55294","_relevanssi_noindex_reason":"","footnotes":""},"admin-category":[],"solution":[],"segment":[],"venue":[],"topic":[],"class_list":["post-54662","page","type-page","status-publish","hentry"],"acf":[],"_links":{"self":[{"href":"https:\/\/business.ticketmaster.ch\/fr\/wp-json\/wp\/v2\/pages\/54662","targetHints":{"allow":["GET"]}}],"collection":[{"href":"https:\/\/business.ticketmaster.ch\/fr\/wp-json\/wp\/v2\/pages"}],"about":[{"href":"https:\/\/business.ticketmaster.ch\/fr\/wp-json\/wp\/v2\/types\/page"}],"author":[{"embeddable":true,"href":"https:\/\/business.ticketmaster.ch\/fr\/wp-json\/wp\/v2\/users\/82"}],"replies":[{"embeddable":true,"href":"https:\/\/business.ticketmaster.ch\/fr\/wp-json\/wp\/v2\/comments?post=54662"}],"version-history":[{"count":0,"href":"https:\/\/business.ticketmaster.ch\/fr\/wp-json\/wp\/v2\/pages\/54662\/revisions"}],"wp:attachment":[{"href":"https:\/\/business.ticketmaster.ch\/fr\/wp-json\/wp\/v2\/media?parent=54662"}],"wp:term":[{"taxonomy":"admin-category","embeddable":true,"href":"https:\/\/business.ticketmaster.ch\/fr\/wp-json\/wp\/v2\/admin-category?post=54662"},{"taxonomy":"solution","embeddable":true,"href":"https:\/\/business.ticketmaster.ch\/fr\/wp-json\/wp\/v2\/solution?post=54662"},{"taxonomy":"segment","embeddable":true,"href":"https:\/\/business.ticketmaster.ch\/fr\/wp-json\/wp\/v2\/segment?post=54662"},{"taxonomy":"venue","embeddable":true,"href":"https:\/\/business.ticketmaster.ch\/fr\/wp-json\/wp\/v2\/venue?post=54662"},{"taxonomy":"topic","embeddable":true,"href":"https:\/\/business.ticketmaster.ch\/fr\/wp-json\/wp\/v2\/topic?post=54662"}],"curies":[{"name":"wp","href":"https:\/\/api.w.org\/{rel}","templated":true}]}}