{"id":55294,"date":"2024-01-25T12:08:22","date_gmt":"2024-01-25T12:08:22","guid":{"rendered":"https:\/\/ticketmaster-enterprise.local\/?page_id=55294"},"modified":"2025-07-15T19:52:59","modified_gmt":"2025-07-15T19:52:59","slug":"support","status":"publish","type":"page","link":"https:\/\/business.ticketmaster.ch\/fr\/support\/","title":{"rendered":"Soutien"},"content":{"rendered":"\n<div class=\"wp-block-group alignfull is-style-padding-alt-2 has-base-color has-contrast-background-color has-text-color has-background has-link-color wp-elements-5ce27e607af3d824f47beb67e97b3b57 has-global-padding is-layout-constrained wp-block-group-is-layout-constrained\">\n<section class=\"wp-block-group alignwide is-layout-flow wp-block-group-is-layout-flow\">\n<div class=\"wp-block-columns is-style-lg-row-reverse is-layout-flex wp-container-core-columns-is-layout-28f84493 wp-block-columns-is-layout-flex\">\n<div class=\"wp-block-column is-layout-flow wp-block-column-is-layout-flow\"><div  class=\"align wp-block-acf-pull-to-edge\">\n\t<div class=\"pull-to-edge pull-to-edge--right\">\n<div  class=\"align wp-block-acf-tm-shapes\">\n    <div class=\"tm-shapes\">\n        <div class=\"shape shape--circle has-tertiary-3-background-color\"><\/div>\n        <div class=\"shape shape--circle has-primary-background-color\"><\/div>\n    <\/div>\n<\/div>\n<\/div>\t\n<\/div><\/div>\n\n\n\n<div class=\"wp-block-column is-layout-flow wp-block-column-is-layout-flow\">\n<div class=\"wp-block-group is-style-default is-layout-flow wp-container-core-group-is-layout-67a28def wp-block-group-is-layout-flow\"><h1 class=\"wp-block-post-title\">Soutien<\/h1>\n\n\n<p class=\"is-style-max-width\">En cas de questions, tu peux toujours compter sur notre mat\u00e9riel de formation, nos expert-es produits et notre \u00e9quipe commerciale locale.<\/p>\n\n\n\n<div class=\"wp-block-buttons is-layout-flex wp-block-buttons-is-layout-flex\" style=\"margin-top:var(--wp--preset--spacing--large)\">\n<div class=\"wp-block-button\"><a class=\"wp-block-button__link has-primary-background-color has-background wp-element-button\" href=\"\/work-with-us\/\">Travailler Avec Nous<\/a><\/div>\n<\/div>\n<\/div>\n<\/div>\n<\/div>\n<\/section>\n<\/div>\n\n\n\n<div class=\"wp-block-group is-style-default full-bleed has-base-background-color has-background has-global-padding is-layout-constrained wp-block-group-is-layout-constrained\" style=\"padding-bottom:0\">\n<div class=\"wp-block-columns alignwide is-style-default is-layout-flex wp-container-core-columns-is-layout-28f84493 wp-block-columns-is-layout-flex\">\n<div class=\"wp-block-column is-layout-flow wp-block-column-is-layout-flow\">\n<h2 class=\"wp-block-heading alignwide is-style-eyebrow\">Service \u00e0 la client\u00e8le<\/h2>\n<\/div>\n<\/div>\n\n\n\n<div class=\"wp-block-columns alignwide are-vertically-aligned-center is-layout-flex wp-container-core-columns-is-layout-28f84493 wp-block-columns-is-layout-flex\">\n<div class=\"wp-block-column is-vertically-aligned-center is-layout-flow wp-block-column-is-layout-flow\"><div  class=\"align wp-block-acf-pull-to-edge\">\n\t<div class=\"pull-to-edge pull-to-edge--left\">\n\n<figure class=\"wp-block-image size-large\"><img decoding=\"async\" src=\"https:\/\/business.ticketmaster.com\/wp-content\/uploads\/2024\/01\/pexels-marcus-aurelius-4063792-1-683x1024.jpg\" alt=\"two girls helping each other on the computer \" class=\"wp-image-54632\" style=\"aspect-ratio:1;object-fit:cover\" \/><\/figure>\n\n<\/div>\t\n<\/div><\/div>\n\n\n\n<div class=\"wp-block-column is-vertically-aligned-center is-layout-flow wp-block-column-is-layout-flow\" style=\"padding-bottom:var(--wp--preset--spacing--xs-3-lg-1)\">\n<h3 class=\"wp-block-heading has-display-4-font-size\" style=\"font-style:normal;font-weight:400;letter-spacing:-0.01em;line-height:1.2;text-transform:none\">Une \u00e9quipe qui comprend tes besoins<\/h3>\n\n\n\n<p>Tu es toujours en ligne, et nous aussi. En cas de questions concernant l&#8217;utilisation de nos solutions, il suffit d&#8217;un e-mail ou d&#8217;un appel et notre \u00e9quipe locale te proposera volontiers des solutions utiles pour que tes \u00e9v\u00e9nements, tes ventes et ton marketing se d\u00e9roulent sans accroc.<\/p>\n\n\n\n<p><br>Que tu d\u00e9couvres les produits Ticketmaster pour la premi\u00e8re fois ou que tu souhaites t&#8217;informer des nouvelles fonctionnalit\u00e9s, notre \u00e9quipe d&#8217;assistance comprend l&#8217;urgence et la complexit\u00e9 auxquelles sont confront\u00e9s des client-es comme toi.<\/p>\n\n\n\n<div class=\"wp-block-buttons is-layout-flex wp-block-buttons-is-layout-flex\">\n<div class=\"wp-block-button is-style-arrow\"><a class=\"wp-block-button__link wp-element-button\" href=\"https:\/\/business.ticketmaster.es\/workwithus\/\" target=\"_blank\" rel=\"noreferrer noopener\">Travailler Avec Nous\n            <span class='tme-button-icon tme-button-icon--arrow' aria-hidden='true'>\n                <svg xmlns='http:\/\/www.w3.org\/2000\/svg' width='41' height='16' viewBox='0 0 41 16' fill='none'><path d='M40.7071 8.70711C41.0976 8.31658 41.0976 7.68342 40.7071 7.29289L34.3431 0.928932C33.9526 0.538408 33.3195 0.538408 32.9289 0.928932C32.5384 1.31946 32.5384 1.95262 32.9289 2.34315L38.5858 8L32.9289 13.6569C32.5384 14.0474 32.5384 14.6805 32.9289 15.0711C33.3195 15.4616 33.9526 15.4616 34.3431 15.0711L40.7071 8.70711ZM0 9H40V7H0V9Z' fill='currentColor'\/><\/svg>\n            <\/span>\n        <\/a><\/div>\n<\/div>\n<\/div>\n<\/div>\n<\/div>\n\n\n\n<div class=\"wp-block-group alignwide has-base-color has-contrast-background-color has-text-color has-background has-link-color wp-elements-8ee91bf5d2ccfe15fe3b4e418b933a62 has-global-padding is-layout-constrained wp-block-group-is-layout-constrained\">\n<div class=\"wp-block-columns alignwide is-style-more-space is-layout-flex wp-container-core-columns-is-layout-28f84493 wp-block-columns-is-layout-flex\">\n<div class=\"wp-block-column is-layout-flow wp-block-column-is-layout-flow\">\n<h2 class=\"wp-block-heading alignwide is-style-eyebrow\">Nous sommes toujours l\u00e0 pour te soutenir<\/h2>\n<\/div>\n\n\n\n<div class=\"wp-block-column is-layout-flow wp-block-column-is-layout-flow\">\n<p>Tu connais mieux que personne les besoins permanents de ton entreprise et m\u00e9rites donc un partenaire capable de te soutenir lors de chaque \u00e9v\u00e9nement, lors de chaque match et lors de chaque spectacle.<\/p>\n<\/div>\n<\/div>\n\n\n\n<div class=\"wp-block-columns alignwide is-layout-flex wp-container-core-columns-is-layout-28f84493 wp-block-columns-is-layout-flex\">\n<div class=\"wp-block-column is-layout-flow wp-container-core-column-is-layout-360d14ef wp-block-column-is-layout-flow\">\n<h3 class=\"wp-block-heading is-style-bullet\" style=\"letter-spacing:0.02em;line-height:1.22\">\u00c9quipes commerciales locales<\/h3>\n\n\n\n<p>Les client-es Ticketmaster peuvent compter sur des \u00e9quipes d\u00e9di\u00e9es. Chaque \u00e9quipe est compos\u00e9e d\u2019un-e responsable commercial, d&#8217;un-e sp\u00e9cialiste des op\u00e9rations et bien plus encore.<\/p>\n<\/div>\n\n\n\n<div class=\"wp-block-column is-layout-flow wp-container-core-column-is-layout-360d14ef wp-block-column-is-layout-flow\">\n<h3 class=\"wp-block-heading is-style-bullet\" style=\"letter-spacing:0.02em;line-height:1.22;text-transform:none\">Options de formation flexibles<\/h3>\n\n\n\n<p>Inscris-toi \u00e0 une session de formation en direct anim\u00e9e par des expert-es ou suis une session enregistr\u00e9e. Il n\u2019y a pas de limite au nombre de formations auxquelles tu peux participer.<\/p>\n<\/div>\n\n\n\n<div class=\"wp-block-column is-layout-flow wp-container-core-column-is-layout-360d14ef wp-block-column-is-layout-flow\">\n<h3 class=\"wp-block-heading is-style-bullet\" style=\"letter-spacing:0.02em;line-height:1.22\">Assistance bas\u00e9e sur l&#8217;intelligence artificielle<\/h3>\n\n\n\n<p>Notre centre d&#8217;assistance propose une recherche intelligente, aliment\u00e9e par une IA de pointe et l&#8217;apprentissage automatique. Tu recevras les r\u00e9ponses les plus pertinentes \u00e0 tes requ\u00eates.<\/p>\n<\/div>\n<\/div>\n<\/div>\n\n\n\n<div class=\"wp-block-group full-bleed has-base-background-color has-background has-global-padding is-layout-constrained wp-block-group-is-layout-constrained\" style=\"padding-top:var(--wp--preset--spacing--xxlarge);padding-bottom:var(--wp--preset--spacing--xxlarge)\">\n<div class=\"wp-block-columns alignwide is-style-default is-layout-flex wp-container-core-columns-is-layout-28f84493 wp-block-columns-is-layout-flex\">\n<div class=\"wp-block-column is-layout-flow wp-block-column-is-layout-flow\">\n<h2 class=\"wp-block-heading alignwide is-style-eyebrow\">FAQ pour les nouveaux clients et clientes<\/h2>\n<\/div>\n<\/div>\n\n\n<div  class=\"alignwide wp-block-acf-accordion\">\n\n\t<button class=\"accordion-view-all\">\n\t\t<span class=\"label-show\">Afficher toute la FAQ<\/span> \n\t\t<span class=\"label-hide\">Masquer toute la FAQ<\/span> \n\t\t<span class=\"tm-chevron\"><svg viewBox=\"0 0 16 8\" fill=\"none\" xmlns=\"http:\/\/www.w3.org\/2000\/svg\">\n<path d=\"M15.0905 0.993277C15.3226 1.28978 15.2963 1.70632 15.0445 1.97143L14.9623 2.04616L8.46229 7.13473C8.22091 7.3237 7.89263 7.3447 7.63193 7.19772L7.53764 7.13473L1.03764 2.04616C0.711489 1.79082 0.654076 1.31943 0.90941 0.993276C1.14153 0.696771 1.55221 0.622367 1.87001 0.803126L1.96229 0.865041L7.99997 5.5916L14.0376 0.865042C14.3342 0.63292 14.7507 0.659267 15.0158 0.911021L15.0905 0.993277Z\" fill=\"currentColor\"\/>\n<\/svg><\/span>\n\t<\/button>\n\n\t<div class=\"accordion-group\">\n<div  class=\"align wp-block-acf-accordion-item\">\n\t<div class=\"inner-content\">\n\n<div class=\"wp-block-group accordion-item-label has-base-2-background-color has-background is-content-justification-space-between is-nowrap is-layout-flex wp-container-core-group-is-layout-b243723f wp-block-group-is-layout-flex\" style=\"border-bottom-color:var(--wp--preset--color--soft-3);border-bottom-width:1px;margin-top:var(--wp--preset--spacing--medium);padding-top:0;padding-right:0;padding-bottom:var(--wp--preset--spacing--medium);padding-left:0\">\n<h3 class=\"wp-block-heading has-large-font-size\" style=\"letter-spacing:0.02em;line-height:1.21;text-transform:none\">Qu&#8217;en est-il du service d&#8217;assistance client\u00e8le et du temps de r\u00e9ponse de Ticketmaster&nbsp;?<\/h3>\n<\/div>\n\n\n\n<div class=\"wp-block-group accordion-item-content is-layout-flow wp-block-group-is-layout-flow\">\n<div class=\"wp-block-group is-layout-flow wp-block-group-is-layout-flow\" style=\"border-bottom-color:var(--wp--preset--color--soft-3);border-bottom-width:1px;padding-top:var(--wp--preset--spacing--medium);padding-right:0;padding-bottom:var(--wp--preset--spacing--medium);padding-left:0\">\n<p>Chez Ticketmaster, pas besoin d\u2019attendre. Chaque client-e dispose d\u2019un-e expert-e op\u00e9rationnel-le d\u00e9di\u00e9-e et d\u2019un acc\u00e8s au service d&#8217;assistance 24h\/24h gr\u00e2ce \u00e0 notre communaut\u00e9 d&#8217;assistance. De plus, nous fournissons une gamme d\u2019outils en libre-service qui offrent la flexibilit\u00e9 n\u00e9cessaire pour contr\u00f4ler tous les aspects de l&#8217;organisation, de la cr\u00e9ation de l\u2019\u00e9v\u00e9nement jusqu&#8217;au jour J.<\/p>\n<\/div>\n<\/div>\n\n<\/div>\t\n<\/div>\n\n<div  class=\"align wp-block-acf-accordion-item\">\n\t<div class=\"inner-content\">\n\n<div class=\"wp-block-group accordion-item-label has-base-2-background-color has-background is-content-justification-space-between is-nowrap is-layout-flex wp-container-core-group-is-layout-b243723f wp-block-group-is-layout-flex\" style=\"border-bottom-color:var(--wp--preset--color--soft-3);border-bottom-width:1px;margin-top:var(--wp--preset--spacing--medium);padding-top:0;padding-right:0;padding-bottom:var(--wp--preset--spacing--medium);padding-left:0\">\n<h3 class=\"wp-block-heading has-large-font-size\" style=\"letter-spacing:0.02em;line-height:1.21;text-transform:none\">Quels sont les outils sp\u00e9cifiques propos\u00e9s par Ticketmaster pour maximiser les opportunit\u00e9s marketing de mon \u00e9v\u00e9nement&nbsp;?<\/h3>\n<\/div>\n\n\n\n<div class=\"wp-block-group accordion-item-content is-layout-flow wp-block-group-is-layout-flow\">\n<div class=\"wp-block-group is-layout-flow wp-block-group-is-layout-flow\" style=\"border-bottom-color:var(--wp--preset--color--soft-3);border-bottom-width:1px;padding-top:var(--wp--preset--spacing--medium);padding-right:0;padding-bottom:var(--wp--preset--spacing--medium);padding-left:0\">\n<p>Les outils, les automatisations et les services font partie du puissant moteur marketing de Ticketmaster. Pour les outils, notamment, chaque client-e a acc\u00e8s \u00e0 une application marketing permettant de placer des pixels sur ses pages \u00e9v\u00e9nementielles, de trouver les groupes cibles ad\u00e9quats dans sa base de donn\u00e9es, de lancer des campagnes marketing via le r\u00e9seau publicitaire de Ticketmaster et bien plus encore. De nouvelles fonction viendront s&#8217;y ajouter en 2024&nbsp;!<\/p>\n<\/div>\n<\/div>\n\n<\/div>\t\n<\/div>\n\n<div  class=\"align wp-block-acf-accordion-item\">\n\t<div class=\"inner-content\">\n\n<div class=\"wp-block-group accordion-item-label has-base-2-background-color has-background is-content-justification-space-between is-nowrap is-layout-flex wp-container-core-group-is-layout-b243723f wp-block-group-is-layout-flex\" style=\"border-bottom-color:var(--wp--preset--color--soft-3);border-bottom-width:1px;margin-top:var(--wp--preset--spacing--medium);padding-top:0;padding-right:0;padding-bottom:var(--wp--preset--spacing--medium);padding-left:0\">\n<h3 class=\"wp-block-heading has-large-font-size\" style=\"letter-spacing:0.02em;line-height:1.21;text-transform:none\">Quels types de client-es Ticketmaster prend-il en charge&nbsp;? Ticketmaster peut-il r\u00e9pondre aux besoins d&#8217;une entreprise comme la mienne&nbsp;?<br><\/h3>\n<\/div>\n\n\n\n<div class=\"wp-block-group accordion-item-content is-layout-flow wp-block-group-is-layout-flow\">\n<div class=\"wp-block-group is-layout-flow wp-block-group-is-layout-flow\" style=\"border-bottom-color:var(--wp--preset--color--soft-3);border-bottom-width:1px;padding-top:var(--wp--preset--spacing--medium);padding-right:0;padding-bottom:var(--wp--preset--spacing--medium);padding-left:0\">\n<p>Ticketmaster et ses filiales ont des solutions pour tout \u00e9v\u00e9nement n\u00e9cessitant un billet, quelle que soit sa taille et\/ou son type. Parmi nos client-es, nous comptions aussi bien des petits clubs de musique que des salles de th\u00e9\u00e2tre historiques ou encore les plus grandes ligues sportives.<\/p>\n<\/div>\n<\/div>\n\n<\/div>\t\n<\/div>\n\n<div  class=\"align wp-block-acf-accordion-item\">\n\t<div class=\"inner-content\">\n\n<div class=\"wp-block-group accordion-item-label has-base-2-background-color has-background is-content-justification-space-between is-nowrap is-layout-flex wp-container-core-group-is-layout-b243723f wp-block-group-is-layout-flex\" style=\"border-bottom-color:var(--wp--preset--color--soft-3);border-bottom-width:1px;margin-top:var(--wp--preset--spacing--medium);padding-top:0;padding-right:0;padding-bottom:var(--wp--preset--spacing--medium);padding-left:0\">\n<h3 class=\"wp-block-heading has-large-font-size\" style=\"letter-spacing:0.02em;line-height:1.21;text-transform:none\">Le syst\u00e8me est-il conforme \u00e0 la norme PCI et certifi\u00e9 P2PE&nbsp;?<\/h3>\n<\/div>\n\n\n\n<div class=\"wp-block-group accordion-item-content is-layout-flow wp-block-group-is-layout-flow\">\n<div class=\"wp-block-group is-layout-flow wp-block-group-is-layout-flow\" style=\"border-bottom-color:var(--wp--preset--color--soft-3);border-bottom-width:1px;padding-top:var(--wp--preset--spacing--medium);padding-right:0;padding-bottom:var(--wp--preset--spacing--medium);padding-left:0\">\n<p>Oui. Nous prenons la conformit\u00e9 tr\u00e8s au s\u00e9rieux.<\/p>\n<\/div>\n<\/div>\n\n<\/div>\t\n<\/div>\n\n<div  class=\"align wp-block-acf-accordion-item\">\n\t<div class=\"inner-content\">\n\n<div class=\"wp-block-group accordion-item-label has-base-2-background-color has-background is-content-justification-space-between is-nowrap is-layout-flex wp-container-core-group-is-layout-b243723f wp-block-group-is-layout-flex\" style=\"border-bottom-color:var(--wp--preset--color--soft-3);border-bottom-width:1px;margin-top:var(--wp--preset--spacing--medium);padding-top:0;padding-right:0;padding-bottom:var(--wp--preset--spacing--medium);padding-left:0\">\n<h3 class=\"wp-block-heading has-large-font-size\" style=\"letter-spacing:0.02em;line-height:1.21;text-transform:none\">Quelles sont les technologies utilis\u00e9es par Ticketmaster pour r\u00e9pondre \u00e0 mes besoins en mati\u00e8re de billetterie&nbsp;?<\/h3>\n<\/div>\n\n\n\n<div class=\"wp-block-group accordion-item-content is-layout-flow wp-block-group-is-layout-flow\">\n<div class=\"wp-block-group is-layout-flow wp-block-group-is-layout-flow\" style=\"border-bottom-color:var(--wp--preset--color--soft-3);border-bottom-width:1px;padding-top:var(--wp--preset--spacing--medium);padding-right:0;padding-bottom:var(--wp--preset--spacing--medium);padding-left:0\">\n<p>Gr\u00e2ce \u00e0 de puissantes plateformes de billetterie, \u00e0 des SDK flexibles, des API et des int\u00e9grations avec des partenaires, nous pouvons r\u00e9pondre aux besoins sp\u00e9cifiques de toutes les organisatrices et tous les organisateurs d&#8217;\u00e9v\u00e9nements.<\/p>\n<\/div>\n<\/div>\n\n<\/div>\t\n<\/div>\n<\/div>\n<\/div><\/div>\n\n\n\n<div class=\"wp-block-group is-layout-flow wp-block-group-is-layout-flow\">\n<div class=\"wp-block-group is-style-padding-alt-3 has-base-color has-contrast-background-color has-text-color has-background has-link-color wp-elements-4f2e9b0ae97030c5e0245cbbb175c099 has-global-padding is-layout-constrained wp-block-group-is-layout-constrained\" style=\"padding-bottom:var(--wp--preset--spacing--xlarge)\">\n<div class=\"wp-block-columns alignwide is-style-more-space is-layout-flex wp-container-core-columns-is-layout-28f84493 wp-block-columns-is-layout-flex\">\n<div class=\"wp-block-column is-layout-flow wp-block-column-is-layout-flow\">\n<h2 class=\"wp-block-heading alignwide is-style-eyebrow\">Tire le meilleur parti de tes solutions<\/h2>\n<\/div>\n\n\n\n<div class=\"wp-block-column is-layout-flow wp-container-core-column-is-layout-360d14ef wp-block-column-is-layout-flow\">\n<p>Consulte nos ressources pratiques, comme les guides de notre collection Insights, afin d&#8217;optimiser les r\u00e9sultats obtenus \u00e0 l&#8217;aide de nos outils et services.<\/p>\n\n\n\n<div class=\"wp-block-buttons is-layout-flex wp-block-buttons-is-layout-flex\">\n<div class=\"wp-block-button is-style-arrow\"><a class=\"wp-block-button__link has-base-color has-text-color has-link-color wp-element-button\" href=\"\/insights\/\">Voir Toutes Les Analyses\n            <span class='tme-button-icon tme-button-icon--arrow' aria-hidden='true'>\n                <svg xmlns='http:\/\/www.w3.org\/2000\/svg' width='41' height='16' viewBox='0 0 41 16' fill='none'><path d='M40.7071 8.70711C41.0976 8.31658 41.0976 7.68342 40.7071 7.29289L34.3431 0.928932C33.9526 0.538408 33.3195 0.538408 32.9289 0.928932C32.5384 1.31946 32.5384 1.95262 32.9289 2.34315L38.5858 8L32.9289 13.6569C32.5384 14.0474 32.5384 14.6805 32.9289 15.0711C33.3195 15.4616 33.9526 15.4616 34.3431 15.0711L40.7071 8.70711ZM0 9H40V7H0V9Z' fill='currentColor'\/><\/svg>\n            <\/span>\n        <\/a><\/div>\n<\/div>\n<\/div>\n<\/div>\n<\/div>\n\n\n\n<div class=\"wp-block-group is-style-default has-base-color has-primary-background-color has-text-color has-background has-link-color wp-elements-9ba980a6629d2f5cc7e9c245633988d1 has-global-padding is-layout-constrained wp-block-group-is-layout-constrained\" style=\"padding-top:0\"><div  class=\"alignwide wp-block-acf-top-picks\">\n    <div class=\"top-picks\" style=\"--top-picks-fill:var(--wp--preset--color--contrast)\">\n        <div class=\"top-picks__content\">\n                <\/div>\n        <div class=\"top-picks__controls\" data-count=\"3\">\n            <button class=\"top-picks-prev\" type=\"button\">\n                <span class=\"icon\" aria-hidden=\"true\"><svg viewBox=\"0 0 16 8\" fill=\"none\" xmlns=\"http:\/\/www.w3.org\/2000\/svg\">\n<path d=\"M15.0905 0.993277C15.3226 1.28978 15.2963 1.70632 15.0445 1.97143L14.9623 2.04616L8.46229 7.13473C8.22091 7.3237 7.89263 7.3447 7.63193 7.19772L7.53764 7.13473L1.03764 2.04616C0.711489 1.79082 0.654076 1.31943 0.90941 0.993276C1.14153 0.696771 1.55221 0.622367 1.87001 0.803126L1.96229 0.865041L7.99997 5.5916L14.0376 0.865042C14.3342 0.63292 14.7507 0.659267 15.0158 0.911021L15.0905 0.993277Z\" fill=\"currentColor\"\/>\n<\/svg><\/span>\n                <span class=\"visually-hidden\">Previous<\/span>\n            <\/button>\n            <button class=\"top-picks-next\" type=\"button\">\n                <span class=\"icon\" aria-hidden=\"true\"><svg viewBox=\"0 0 16 8\" fill=\"none\" xmlns=\"http:\/\/www.w3.org\/2000\/svg\">\n<path d=\"M15.0905 0.993277C15.3226 1.28978 15.2963 1.70632 15.0445 1.97143L14.9623 2.04616L8.46229 7.13473C8.22091 7.3237 7.89263 7.3447 7.63193 7.19772L7.53764 7.13473L1.03764 2.04616C0.711489 1.79082 0.654076 1.31943 0.90941 0.993276C1.14153 0.696771 1.55221 0.622367 1.87001 0.803126L1.96229 0.865041L7.99997 5.5916L14.0376 0.865042C14.3342 0.63292 14.7507 0.659267 15.0158 0.911021L15.0905 0.993277Z\" fill=\"currentColor\"\/>\n<\/svg><\/span>\n                <span class=\"visually-hidden\">Next<\/span>\n            <\/button>\n        <\/div>\n    <\/div>\n<\/div><\/div>\n<\/div>\n\n\n","protected":false},"excerpt":{"rendered":"<p>En cas de questions, tu peux toujours compter sur notre mat\u00e9riel de formation, nos expert-es produits et notre \u00e9quipe commerciale locale. Service \u00e0 la client\u00e8le Une \u00e9quipe qui comprend tes besoins Tu es toujours en ligne, et nous aussi. En cas de questions concernant l&#8217;utilisation de nos solutions, il suffit d&#8217;un e-mail ou d&#8217;un appel [&hellip;]<\/p>\n","protected":false},"author":82,"featured_media":0,"parent":0,"menu_order":12,"comment_status":"closed","ping_status":"closed","template":"","meta":{"_acf_changed":false,"_relevanssi_hide_post":"","_relevanssi_hide_content":"","_relevanssi_pin_for_all":"","_relevanssi_pin_keywords":"","_relevanssi_unpin_keywords":"","_relevanssi_related_keywords":"","_relevanssi_related_include_ids":"","_relevanssi_related_exclude_ids":"","_relevanssi_related_no_append":"","_relevanssi_related_not_related":"","_relevanssi_related_posts":"55586,54879,55549","_relevanssi_noindex_reason":"","footnotes":""},"admin-category":[],"solution":[],"segment":[],"venue":[],"topic":[],"class_list":["post-55294","page","type-page","status-publish","hentry"],"acf":[],"_links":{"self":[{"href":"https:\/\/business.ticketmaster.ch\/fr\/wp-json\/wp\/v2\/pages\/55294","targetHints":{"allow":["GET"]}}],"collection":[{"href":"https:\/\/business.ticketmaster.ch\/fr\/wp-json\/wp\/v2\/pages"}],"about":[{"href":"https:\/\/business.ticketmaster.ch\/fr\/wp-json\/wp\/v2\/types\/page"}],"author":[{"embeddable":true,"href":"https:\/\/business.ticketmaster.ch\/fr\/wp-json\/wp\/v2\/users\/82"}],"replies":[{"embeddable":true,"href":"https:\/\/business.ticketmaster.ch\/fr\/wp-json\/wp\/v2\/comments?post=55294"}],"version-history":[{"count":0,"href":"https:\/\/business.ticketmaster.ch\/fr\/wp-json\/wp\/v2\/pages\/55294\/revisions"}],"wp:attachment":[{"href":"https:\/\/business.ticketmaster.ch\/fr\/wp-json\/wp\/v2\/media?parent=55294"}],"wp:term":[{"taxonomy":"admin-category","embeddable":true,"href":"https:\/\/business.ticketmaster.ch\/fr\/wp-json\/wp\/v2\/admin-category?post=55294"},{"taxonomy":"solution","embeddable":true,"href":"https:\/\/business.ticketmaster.ch\/fr\/wp-json\/wp\/v2\/solution?post=55294"},{"taxonomy":"segment","embeddable":true,"href":"https:\/\/business.ticketmaster.ch\/fr\/wp-json\/wp\/v2\/segment?post=55294"},{"taxonomy":"venue","embeddable":true,"href":"https:\/\/business.ticketmaster.ch\/fr\/wp-json\/wp\/v2\/venue?post=55294"},{"taxonomy":"topic","embeddable":true,"href":"https:\/\/business.ticketmaster.ch\/fr\/wp-json\/wp\/v2\/topic?post=55294"}],"curies":[{"name":"wp","href":"https:\/\/api.w.org\/{rel}","templated":true}]}}