{"id":58767,"date":"2024-11-08T10:18:01","date_gmt":"2024-11-08T10:18:01","guid":{"rendered":"https:\/\/business.ticketmaster.ch\/fr\/?page_id=58767"},"modified":"2025-11-12T13:52:09","modified_gmt":"2025-11-12T13:52:09","slug":"assets-checklist","status":"publish","type":"page","link":"https:\/\/business.ticketmaster.ch\/fr\/assets-checklist\/","title":{"rendered":"Assets Checklist"},"content":{"rendered":"<div id='RUSoBpULVBqANzjRYGUQshtbKixvHpUS' class=\"align wp-block-acf-spacer\" style=\"width: 100%;\"><\/div>\n<style type=\"text\/css\">\n#RUSoBpULVBqANzjRYGUQshtbKixvHpUS {\n    height:3rem;\n}\n@media (min-width: 992px) {\n     #RUSoBpULVBqANzjRYGUQshtbKixvHpUS {\n        height:3rem;\n     }\n}\n<\/style>\n\n<div  style=\"--vertical-carousel-fill-bg:var(--wp--preset--color--contrast)\" class=\"align wp-block-acf-tabbed-content\">\n\t<div class=\"tabbed-carousel\">\n<div  class=\"align wp-block-acf-tab\">\n    <button class=\"tab-label\">Artist Details page<\/button>\n\t<div class=\"tab-content\">\n\n<h3 class=\"wp-block-heading is-style-eyebrow has-x-large-font-size\" style=\"letter-spacing:-0.01em;line-height:1;text-transform:capitalize\"><strong>ADP<\/strong><\/h3>\n\n\n\n<div class=\"wp-block-columns is-style-lg-row-reverse has-base-color has-contrast-background-color has-text-color has-background has-link-color wp-elements-8472c50409d4b041b1a1f0cb9c767d59 is-layout-flex wp-container-core-columns-is-layout-28f84493 wp-block-columns-is-layout-flex\">\n<div class=\"wp-block-column is-vertically-aligned-center tab__image is-layout-flow wp-block-column-is-layout-flow\">\n<figure class=\"wp-block-image aligncenter size-full\"><img decoding=\"async\" src=\"https:\/\/business.ticketmaster.ch\/wp-content\/uploads\/2024\/11\/MarketingChecklist_ADP_CH_DE.png\" alt=\"\" class=\"wp-image-58590\"\/><\/figure>\n<\/div>\n\n\n\n<div class=\"wp-block-column is-vertically-aligned-center tab__content has-medium-font-size has-global-padding is-content-justification-right is-layout-constrained wp-container-core-column-is-layout-f1f2ed93 wp-block-column-is-layout-constrained\" style=\"flex-basis:60%\">\n<ul class=\"wp-block-list\">\n<li>2048x1152px (JPG ou PNG), max. 13&nbsp;MB<\/li>\n\n\n\n<li>sans texte, url, logos de partenaires, etc.<\/li>\n\n\n\n<li>peut \u00eatre rogn\u00e9 \u00e0 droite et\/ou \u00e0 gauche (supporte le format 16\u00d79)<\/li>\n\n\n\n<li>texte de presse<\/li>\n<\/ul>\n<\/div>\n<\/div>\n\n<\/div>\t\n<\/div>\n\n<div  class=\"align wp-block-acf-tab\">\n    <button class=\"tab-label\">Enhanced Artist Details Page<\/button>\n\t<div class=\"tab-content\">\n\n<h3 class=\"wp-block-heading is-style-eyebrow has-x-large-font-size\" style=\"letter-spacing:-0.01em;line-height:1;text-transform:capitalize\"><strong><strong>EADP<\/strong><\/strong><\/h3>\n\n\n\n<div class=\"wp-block-columns is-style-lg-row-reverse has-base-color has-contrast-background-color has-text-color has-background has-link-color wp-elements-41780c22570d5ecccff43c7fb8b138ac is-layout-flex wp-container-core-columns-is-layout-28f84493 wp-block-columns-is-layout-flex\">\n<div class=\"wp-block-column is-vertically-aligned-center tab__image is-layout-flow wp-block-column-is-layout-flow\" style=\"flex-basis:50%\">\n<figure class=\"wp-block-video\"><video controls src=\"https:\/\/business.ticketmaster.ch\/wp-content\/uploads\/2024\/11\/20240328_assets-checkliste-oaf.mp4\"><\/video><\/figure>\n<\/div>\n\n\n\n<div class=\"wp-block-column is-vertically-aligned-center tab__content has-medium-font-size has-global-padding is-content-justification-right is-layout-constrained wp-container-core-column-is-layout-f1f2ed93 wp-block-column-is-layout-constrained\" style=\"flex-basis:60%\">\n<p>Exemple&nbsp;:&nbsp;<a href=\"https:\/\/www.ticketmaster.ch\/artist\/gurtenfestival-tickets\/1231943?language=fr-ch\" target=\"_blank\" rel=\"noopener\">Gurtenfestival<\/a><\/p>\n\n\n\n<ul class=\"wp-block-list\">\n<li>Image miniature&nbsp;: 234x174px (peu, voire pas de texte, pas d&#8217;URL, pas de logos de partenaires, etc.)<\/li>\n\n\n\n<li>Image pour la section \u00ab&nbsp;Informations&nbsp;\u00bb&nbsp;: 720x568px<\/li>\n\n\n\n<li>Images pour la galerie&nbsp;: 900x600px (JPG ou PNG), au minimum 3 motifs diff\u00e9rents<\/li>\n\n\n\n<li>Banni\u00e8re compte \u00e0 rebours en pied de page&nbsp;: 1024x432px (JPG ou PNG) (ordinateur) et 375x310px (JPG ou PNG) (mobile)<\/li>\n\n\n\n<li>Plan de site&nbsp;\/&nbsp;acc\u00e8s ou autre&nbsp;: tout format possible<\/li>\n\n\n\n<li>Image de la programmation&nbsp;: format flexible (pas de logos de partenaires)<\/li>\n\n\n\n<li>Section extras&nbsp;: 400x225px (JPG ou PNG) <\/li>\n\n\n\n<li>Section actualit\u00e9s&nbsp;: 406x177px (JPG ou PNG)<\/li>\n<\/ul>\n<\/div>\n<\/div>\n\n<\/div>\t\n<\/div>\n\n<div  class=\"align wp-block-acf-tab\">\n    <button class=\"tab-label\">Homepage<\/button>\n\t<div class=\"tab-content\">\n\n<h3 class=\"wp-block-heading is-style-eyebrow has-x-large-font-size\" style=\"letter-spacing:-0.01em;line-height:1;text-transform:capitalize\"><strong>SPOTLIGHTS PAGE D&#8217;ACCUEIL<\/strong><\/h3>\n\n\n\n<div class=\"wp-block-columns is-style-lg-row-reverse has-base-color has-contrast-background-color has-text-color has-background has-link-color wp-elements-1d5ecb9fe143e5011416f80575e678e8 is-layout-flex wp-container-core-columns-is-layout-28f84493 wp-block-columns-is-layout-flex\">\n<div class=\"wp-block-column is-vertically-aligned-center tab__image is-layout-flow wp-block-column-is-layout-flow\">\n<figure class=\"wp-block-image aligncenter size-full\"><img decoding=\"async\" src=\"https:\/\/business.ticketmaster.de\/wp-content\/uploads\/2024\/08\/MarketingChecklist_Spotlight.png\" alt=\"\" class=\"wp-image-58598\"\/><\/figure>\n<\/div>\n\n\n\n<div class=\"wp-block-column is-vertically-aligned-center tab__content has-medium-font-size has-global-padding is-content-justification-right is-layout-constrained wp-container-core-column-is-layout-f1f2ed93 wp-block-column-is-layout-constrained\" style=\"flex-basis:60%\">\n<ul class=\"wp-block-list\">\n<li>1440x450px \u2013 max. 200&nbsp;KB*<\/li>\n\n\n\n<li>720x405px \u2013 max. 100&nbsp;KB*<\/li>\n\n\n\n<li>368x207px \u2013 max. 50&nbsp;KB*<\/li>\n<\/ul>\n\n\n\n<p>*sans texte, url, logos de partenaires, etc.<\/p>\n<\/div>\n<\/div>\n\n<\/div>\t\n<\/div>\n\n<div  class=\"align wp-block-acf-tab\">\n    <button class=\"tab-label\">Social Media<\/button>\n\t<div class=\"tab-content\">\n\n<h3 class=\"wp-block-heading is-style-eyebrow has-x-large-font-size\" style=\"letter-spacing:-0.01em;line-height:1;text-transform:capitalize\"><strong><strong>M\u00c9DIAS SOCIAUX<\/strong><\/strong><\/h3>\n\n\n\n<div class=\"wp-block-columns is-style-lg-row-reverse has-base-color has-contrast-background-color has-text-color has-background has-link-color wp-elements-d5e9023ce16fd50fc76546f7c7d59d78 is-layout-flex wp-container-core-columns-is-layout-28f84493 wp-block-columns-is-layout-flex\">\n<div class=\"wp-block-column is-vertically-aligned-center tab__image is-layout-flow wp-block-column-is-layout-flow\">\n<figure class=\"wp-block-image aligncenter size-full\"><img decoding=\"async\" src=\"https:\/\/business.ticketmaster.de\/wp-content\/uploads\/2024\/08\/MarketingChecklist_SocialMedia2023-2.png\" alt=\"\" class=\"wp-image-58599\"\/><\/figure>\n<\/div>\n\n\n\n<div class=\"wp-block-column is-vertically-aligned-bottom tab__content has-medium-font-size has-global-padding is-content-justification-right is-layout-constrained wp-container-core-column-is-layout-f1f2ed93 wp-block-column-is-layout-constrained\" style=\"flex-basis:60%\">\n<p><\/p>\n\n\n\n<ul class=\"wp-block-list\">\n<li><a href=\"https:\/\/b2bde.wpengine.com\/asset-checklist\/#\" target=\"_blank\" rel=\"noopener\"><\/a><a href=\"https:\/\/www.facebook.com\/Ticketmaster.Germany\" target=\"_blank\" rel=\"noopener\">Facebook<\/a>\n<ul class=\"wp-block-list\">\n<li>Publication 1080x1080px (JPG, pas plus de 20% de texte, pas de CTA)<\/li>\n\n\n\n<li>Vid\u00e9o 1080x1080px (MP4, max.&nbsp;30&nbsp;secondes)<\/li>\n<\/ul>\n<\/li>\n\n\n\n<li><a href=\"https:\/\/twitter.com\/TicketmasterDE\" target=\"_blank\" rel=\"noreferrer noopener\">Twitter\/X<\/a>\n<ul class=\"wp-block-list\">\n<li>Publication 1080x1080px (JPG, pas plus de 20% de texte pas de CTA)<\/li>\n\n\n\n<li>Vid\u00e9o 1080x1080px (MP4, max.&nbsp;30&nbsp;secondes)<\/li>\n<\/ul>\n<\/li>\n\n\n\n<li><a href=\"https:\/\/www.instagram.com\/ticketmaster_germany\/\" target=\"_blank\" rel=\"noopener\">Instagram<\/a>\n<ul class=\"wp-block-list\">\n<li>Story vid\u00e9o 1080x1920px (MP4, max.&nbsp;15&nbsp;secondes)<\/li>\n\n\n\n<li>Story 1080x1920px (JPG, pas de CTA)<\/li>\n\n\n\n<li>Publication 1080x1080px &nbsp;(JPG, pas plus de 20% de texte, pas de CTA)<\/li>\n\n\n\n<li>Reel vid\u00e9o 1080\u00d71920<\/li>\n\n\n\n<li>Vid\u00e9o 1080x1080px (MP4, max.&nbsp;30&nbsp;secondes)<\/li>\n\n\n\n<li>Feed 1080\u00d71350px&nbsp;\/&nbsp;format 4:5<\/li>\n<\/ul>\n<\/li>\n\n\n\n<li><a href=\"https:\/\/www.tiktok.com\/@ticketmaster_germany\" target=\"_blank\" rel=\"noopener\">TikTok<\/a>\n<ul class=\"wp-block-list\">\n<li>Vid\u00e9o 1080x1920px (MP4, max.&nbsp;30&nbsp;secondes)<\/li>\n\n\n\n<li>Facultatif&nbsp;: carrousel de photos 1080x1920px (au moins trois images diff\u00e9rentes, JPG, pas plus de 20% de texte, pas de CTA)<\/li>\n<\/ul>\n<\/li>\n\n\n\n<li><a href=\"https:\/\/www.youtube.com\/user\/TicketmasterGermany\" target=\"_blank\" rel=\"noopener\">YouTube<\/a>\n<ul class=\"wp-block-list\">\n<li>Vid\u00e9o 1280\u00d7720\/16:9 (max.&nbsp;30&nbsp;secondes)<\/li>\n\n\n\n<li>Shorts YouTube&nbsp;: 1080x1920px (MP4, max.&nbsp;30&nbsp;secondes)<\/li>\n<\/ul>\n<\/li>\n<\/ul>\n<\/div>\n<\/div>\n\n<\/div>\t\n<\/div>\n\n<div  class=\"align wp-block-acf-tab\">\n    <button class=\"tab-label\">Newsletter<\/button>\n\t<div class=\"tab-content\">\n\n<h3 class=\"wp-block-heading is-style-eyebrow has-x-large-font-size\" style=\"letter-spacing:-0.01em;line-height:1;text-transform:capitalize\"><strong><strong>Newsletter<\/strong><\/strong><\/h3>\n\n\n\n<div class=\"wp-block-columns is-style-lg-row-reverse has-base-color has-contrast-background-color has-text-color has-background has-link-color wp-elements-3641230bf4641ecb909520f8b54f5320 is-layout-flex wp-container-core-columns-is-layout-28f84493 wp-block-columns-is-layout-flex\">\n<div class=\"wp-block-column is-vertically-aligned-center tab__image is-layout-flow wp-block-column-is-layout-flow\">\n<figure class=\"wp-block-image aligncenter size-full\"><img decoding=\"async\" src=\"https:\/\/business.ticketmaster.de\/wp-content\/uploads\/2024\/08\/MarketingChecklist_Newsletter.png\" alt=\"\" class=\"wp-image-58600\"\/><\/figure>\n<\/div>\n\n\n\n<div class=\"wp-block-column is-vertically-aligned-center tab__content has-medium-font-size has-global-padding is-content-justification-right is-layout-constrained wp-container-core-column-is-layout-f1f2ed93 wp-block-column-is-layout-constrained\" style=\"flex-basis:60%\">\n<ul class=\"wp-block-list\">\n<li>Header \u2013 520x293px<\/li>\n\n\n\n<li>Photo de l&#8217;\u00e9v\u00e9nement \u2013 640x360px<\/li>\n<\/ul>\n<\/div>\n<\/div>\n\n<\/div>\t\n<\/div>\n\n<div  class=\"align wp-block-acf-tab\">\n    <button class=\"tab-label\">Ticketmaster Blog<\/button>\n\t<div class=\"tab-content\">\n\n<h3 class=\"wp-block-heading is-style-eyebrow has-x-large-font-size\" style=\"letter-spacing:-0.01em;line-height:1;text-transform:capitalize\"><strong><strong>Blog Ticketmaster<\/strong><\/strong><\/h3>\n\n\n\n<div class=\"wp-block-columns is-style-lg-row-reverse has-base-color has-contrast-background-color has-text-color has-background has-link-color wp-elements-ff42d677e0dfe05d2c4ef7c142eacdfc is-layout-flex wp-container-core-columns-is-layout-28f84493 wp-block-columns-is-layout-flex\">\n<div class=\"wp-block-column is-vertically-aligned-center tab__image is-layout-flow wp-block-column-is-layout-flow\">\n<figure class=\"wp-block-image aligncenter size-full\"><img decoding=\"async\" src=\"https:\/\/business.ticketmaster.de\/wp-content\/uploads\/2024\/08\/Blog-assets-checklist-1-removebg-preview.png\" alt=\"\" class=\"wp-image-58623\"\/><\/figure>\n<\/div>\n\n\n\n<div class=\"wp-block-column is-vertically-aligned-center tab__content has-medium-font-size has-global-padding is-content-justification-right is-layout-constrained wp-container-core-column-is-layout-f1f2ed93 wp-block-column-is-layout-constrained\" style=\"flex-basis:60%\">\n<p><strong>Exemple<\/strong>&nbsp;:&nbsp;<a href=\"https:\/\/blog.ticketmaster.ch\/fr\" target=\"_blank\" rel=\"noreferrer noopener\">blog Ticketmaster<\/a><\/p>\n\n\n\n<ul class=\"wp-block-list\">\n<li>738x415px<\/li>\n\n\n\n<li>Texte de presse actuel<\/li>\n\n\n\n<li>Photos de presse et photos live suppl\u00e9mentaires souhaitables<\/li>\n<\/ul>\n<\/div>\n<\/div>\n\n<\/div>\t\n<\/div>\n\n<div  class=\"align wp-block-acf-tab\">\n    <button class=\"tab-label\">Ticketmaster Guides<\/button>\n\t<div class=\"tab-content\">\n\n<h3 class=\"wp-block-heading is-style-eyebrow has-x-large-font-size\" style=\"letter-spacing:-0.01em;line-height:1;text-transform:capitalize\"><strong><strong>Guides Ticketmaster<\/strong><\/strong><\/h3>\n\n\n\n<div class=\"wp-block-columns is-style-lg-row-reverse has-base-color has-contrast-background-color has-text-color has-background has-link-color wp-elements-90a7ea9457202b8b5918d5fd19dcdcb5 is-layout-flex wp-container-core-columns-is-layout-28f84493 wp-block-columns-is-layout-flex\">\n<div class=\"wp-block-column is-vertically-aligned-center tab__image is-layout-flow wp-block-column-is-layout-flow\">\n<figure class=\"wp-block-image aligncenter size-full\"><img decoding=\"async\" src=\"https:\/\/business.ticketmaster.de\/wp-content\/uploads\/2024\/08\/Checklist_musical-removebg-preview.png\" alt=\"\" class=\"wp-image-58624\"\/><\/figure>\n<\/div>\n\n\n\n<div class=\"wp-block-column is-vertically-aligned-center tab__content has-medium-font-size has-global-padding is-content-justification-right is-layout-constrained wp-container-core-column-is-layout-f1f2ed93 wp-block-column-is-layout-constrained\" style=\"flex-basis:60%\">\n<p><strong>Exemples&nbsp;<\/strong>:&nbsp;<a href=\"https:\/\/guides.ticketmaster.ch\/fr\/ticketmaster-guides-sport\/\" target=\"_blank\" rel=\"noreferrer noopener\">billets collector<\/a>,&nbsp;<a href=\"http:\/\/guides.ticketmaster.ch\/fr\/festivals\" target=\"_blank\" rel=\"noreferrer noopener\">Festival Guide<\/a><\/p>\n\n\n\n<ul class=\"wp-block-list\">\n<li>700x466px (JPG ou PNG, pas de texte, pas d&#8217;URL, pas de logos de partenaires, etc.)<\/li>\n\n\n\n<li>740x740px (JPG ou PNG, pas de texte, pas d&#8217;URL, pas de logos de partenaires, etc.)<\/li>\n\n\n\n<li>940x627px (JPG ou PNG, pas de texte, pas d&#8217;URL, pas de logos de partenaires, etc.)<\/li>\n<\/ul>\n<\/div>\n<\/div>\n\n<\/div>\t\n<\/div>\n\n<div  class=\"align wp-block-acf-tab\">\n    <button class=\"tab-label\">Display<\/button>\n\t<div class=\"tab-content\">\n\n<h3 class=\"wp-block-heading is-style-eyebrow has-x-large-font-size\" style=\"letter-spacing:-0.01em;line-height:1;text-transform:capitalize\"><strong><strong><strong>Affichage<\/strong><\/strong><\/strong><\/h3>\n\n\n\n<div class=\"wp-block-columns is-style-lg-row-reverse has-base-color has-contrast-background-color has-text-color has-background has-link-color wp-elements-208f9d5c5fddad777e49b9ae14c1015d is-layout-flex wp-container-core-columns-is-layout-28f84493 wp-block-columns-is-layout-flex\">\n<div class=\"wp-block-column is-vertically-aligned-center tab__image is-layout-flow wp-block-column-is-layout-flow\">\n<figure class=\"wp-block-image aligncenter size-full\"><img decoding=\"async\" src=\"https:\/\/business.ticketmaster.de\/wp-content\/uploads\/2024\/08\/MarketingChecklist_GDN.png\" alt=\"\" class=\"wp-image-58603\"\/><\/figure>\n<\/div>\n\n\n\n<div class=\"wp-block-column is-vertically-aligned-center tab__content has-medium-font-size has-global-padding is-content-justification-right is-layout-constrained wp-container-core-column-is-layout-f1f2ed93 wp-block-column-is-layout-constrained\" style=\"flex-basis:60%\">\n<p><\/p>\n\n\n\n<ul class=\"wp-block-list\">\n<li>Banni\u00e8re 1&nbsp;: 1200x628px (JPG, max. 1&nbsp;MB, pas plus de 20% de texte, pas de CTA)<\/li>\n\n\n\n<li>Banni\u00e8re 2&nbsp;: 1200x1200px (JPG, max. 1&nbsp;MB, pas plus de 20% de texte, pas de CTA)<\/li>\n\n\n\n<li>Banni\u00e8re 3&nbsp;: 1200x800px (JPG, max. 1&nbsp;MB, pas plus de 20% de texte, pas de CTA)<\/li>\n<\/ul>\n<\/div>\n<\/div>\n\n<\/div>\t\n<\/div>\n\n<div  class=\"align wp-block-acf-tab\">\n    <button class=\"tab-label\">Amplify<\/button>\n\t<div class=\"tab-content\">\n\n<h3 class=\"wp-block-heading is-style-eyebrow has-x-large-font-size\" style=\"letter-spacing:-0.01em;line-height:1;text-transform:capitalize\"><strong><strong><strong>AMPLIFY SHOPS<\/strong><\/strong><\/strong><\/h3>\n\n\n\n<div class=\"wp-block-columns is-style-lg-row-reverse has-base-color has-contrast-background-color has-text-color has-background has-link-color wp-elements-b0c86a9750b3392cd164c4919ad0545b is-layout-flex wp-container-core-columns-is-layout-28f84493 wp-block-columns-is-layout-flex\">\n<div class=\"wp-block-column is-vertically-aligned-center tab__image is-layout-flow wp-block-column-is-layout-flow\">\n<figure class=\"wp-block-image aligncenter size-full\"><img decoding=\"async\" src=\"https:\/\/business.ticketmaster.de\/wp-content\/uploads\/2024\/08\/amplify-removebg-preview.png\" alt=\"\" class=\"wp-image-58625\"\/><\/figure>\n<\/div>\n\n\n\n<div class=\"wp-block-column is-vertically-aligned-center tab__content has-medium-font-size has-global-padding is-content-justification-right is-layout-constrained wp-container-core-column-is-layout-f1f2ed93 wp-block-column-is-layout-constrained\" style=\"flex-basis:60%\">\n<p><\/p>\n\n\n\n<ul class=\"wp-block-list\">\n<li>Image principale&nbsp;:\n<ul class=\"wp-block-list\">\n<li>Ordinateur&nbsp;: 1024x432px<\/li>\n\n\n\n<li>Mobile&nbsp;: 375x320px<\/li>\n\n\n\n<li>Formats&nbsp;: JEPG ou PNG<\/li>\n\n\n\n<li>max.&nbsp;1MB<\/li>\n<\/ul>\n<\/li>\n\n\n\n<li>Arri\u00e8re-plan&nbsp;: 2000x2000px (144dpi) ou&nbsp;hex code si monochrome<\/li>\n\n\n\n<li>Favicon (facultatif)&nbsp;: 16\u00d716, 32\u00d732, 96\u00d796 ou 180\u00d7180px<\/li>\n\n\n\n<li>Banni\u00e8res (facultatives)&nbsp;: max.&nbsp;1MB\n<ul class=\"wp-block-list\">\n<li>Leaderboard&nbsp;: 728\u00d790 et 320\u00d7100px<\/li>\n\n\n\n<li>Skyscraper&nbsp;: 300\u00d7600 et 300\u00d7250px<\/li>\n<\/ul>\n<\/li>\n<\/ul>\n<\/div>\n<\/div>\n\n<\/div>\t\n<\/div>\n\n<div  class=\"align wp-block-acf-tab\">\n    <button class=\"tab-label\">Collector Ticket \/ Collector Card<\/button>\n\t<div class=\"tab-content\">\n\n<h3 class=\"wp-block-heading is-style-eyebrow has-x-large-font-size\" style=\"letter-spacing:-0.01em;line-height:1;text-transform:capitalize\"><strong><strong><strong><strong>Billets collector&nbsp;\/&nbsp;cartes collector<\/strong><\/strong><\/strong><\/strong><\/h3>\n\n\n\n<div class=\"wp-block-columns is-style-lg-row-reverse has-base-color has-contrast-background-color has-text-color has-background has-link-color wp-elements-efefa1ecd2838e688ac441c3f9b03bec is-layout-flex wp-container-core-columns-is-layout-28f84493 wp-block-columns-is-layout-flex\">\n<div class=\"wp-block-column is-vertically-aligned-center tab__image is-layout-flow wp-block-column-is-layout-flow\">\n<figure class=\"wp-block-image aligncenter size-full\"><img decoding=\"async\" src=\"https:\/\/business.ticketmaster.de\/wp-content\/uploads\/2024\/08\/MarketingChecklist_CollectorTickers.png\" alt=\"\" class=\"wp-image-58610\"\/><\/figure>\n<\/div>\n\n\n\n<div class=\"wp-block-column is-vertically-aligned-center tab__content has-medium-font-size has-global-padding is-content-justification-right is-layout-constrained wp-container-core-column-is-layout-f1f2ed93 wp-block-column-is-layout-constrained\" style=\"flex-basis:60%\">\n<p><\/p>\n\n\n\n<p>Plus d\u2019informations et d\u2019exemples sous&nbsp;:&nbsp;<a href=\"https:\/\/guides.ticketmaster.ch\/fr\/collector-tickets\/\" target=\"_blank\" rel=\"noopener\">guides.ticketmaster.ch\/fr\/collector-tickets<\/a><\/p>\n\n\n\n<ul class=\"wp-block-list\">\n<li>240x351px (JPG ou PNG)<\/li>\n\n\n\n<li>Format portrait<\/li>\n\n\n\n<li>R\u00e9solution&nbsp;: au moins 300&nbsp;dpi<\/li>\n\n\n\n<li>Mod\u00e8le de couleurs&nbsp;: CMYK<\/li>\n\n\n\n<li>Format de fichier&nbsp;: JPG, PNG, TIFF, EPS, PDF<\/li>\n\n\n\n<li>L&#8217;image doit \u00eatre livr\u00e9e avec un fond perdu, mais sans bordures ou traits de coupe.<\/li>\n<\/ul>\n<\/div>\n<\/div>\n\n<\/div>\t\n<\/div>\n\n<div  class=\"align wp-block-acf-tab\">\n    <button class=\"tab-label\">Souvenir Ticket<\/button>\n\t<div class=\"tab-content\">\n\n<h3 class=\"wp-block-heading is-style-eyebrow has-x-large-font-size\" style=\"letter-spacing:-0.01em;line-height:1;text-transform:capitalize\"><strong><strong><strong><strong><strong>Billets souvenir<\/strong><\/strong><\/strong><\/strong><\/strong><\/h3>\n\n\n\n<div class=\"wp-block-columns is-style-lg-row-reverse has-base-color has-contrast-background-color has-text-color has-background has-link-color wp-elements-b3b601bfb2e06e491df96f7a9ab0edfd is-layout-flex wp-container-core-columns-is-layout-28f84493 wp-block-columns-is-layout-flex\">\n<div class=\"wp-block-column is-vertically-aligned-center tab__image is-layout-flow wp-block-column-is-layout-flow\">\n<figure class=\"wp-block-image aligncenter size-full\"><img loading=\"lazy\" decoding=\"async\" width=\"390\" height=\"154\" src=\"https:\/\/business.ticketmaster.ch\/fr\/wp-content\/uploads\/sites\/3\/2025\/02\/20250212_billets.jpg\" alt=\"\" class=\"wp-image-58835\" style=\"object-fit:cover\" srcset=\"https:\/\/business.ticketmaster.ch\/fr\/wp-content\/uploads\/sites\/3\/2025\/02\/20250212_billets.jpg 390w, https:\/\/business.ticketmaster.ch\/fr\/wp-content\/uploads\/sites\/3\/2025\/02\/20250212_billets-300x118.jpg 300w\" sizes=\"auto, (max-width: 390px) 100vw, 390px\" \/><\/figure>\n<\/div>\n\n\n\n<div class=\"wp-block-column is-vertically-aligned-center tab__content has-medium-font-size has-global-padding is-content-justification-right is-layout-constrained wp-container-core-column-is-layout-f1f2ed93 wp-block-column-is-layout-constrained\" style=\"flex-basis:60%\">\n<p><\/p>\n\n\n\n<ul class=\"wp-block-list\">\n<li>Arri\u00e8re-plan&nbsp;: 1397x582px et r\u00e9solution de 73dpi<\/li>\n\n\n\n<li>Clair (avec \u00e9criture noire) ou fonc\u00e9 (avec \u00e9criture blanche)<\/li>\n\n\n\n<li>Couleur de fond<\/li>\n\n\n\n<li>Placer le motif au centre<\/li>\n\n\n\n<li>Pas de d\u00e9grad\u00e9s ou de textures sur les c\u00f4t\u00e9s du motif<\/li>\n<\/ul>\n<\/div>\n<\/div>\n\n<\/div>\t\n<\/div>\n\n<div  class=\"align wp-block-acf-tab\">\n    <button class=\"tab-label\">Branding<\/button>\n\t<div class=\"tab-content\">\n\n<h3 class=\"wp-block-heading is-style-eyebrow has-x-large-font-size\" style=\"letter-spacing:-0.01em;line-height:1;text-transform:capitalize\"><strong><strong><strong><strong><strong><strong>BRANDING<\/strong><\/strong><\/strong><\/strong><\/strong><\/strong><\/h3>\n\n\n\n<div class=\"wp-block-columns is-style-lg-row-reverse has-base-color has-contrast-background-color has-text-color has-background has-link-color wp-elements-69f047c169127e9f60865b12cb096f28 is-layout-flex wp-container-core-columns-is-layout-28f84493 wp-block-columns-is-layout-flex\">\n<div class=\"wp-block-column is-vertically-aligned-center tab__image is-layout-flow wp-block-column-is-layout-flow\">\n<figure class=\"wp-block-image aligncenter size-full\"><img decoding=\"async\" src=\"https:\/\/business.ticketmaster.de\/wp-content\/uploads\/2024\/08\/aanleveren-cobranding.png\" alt=\"\" class=\"wp-image-58612\"\/><\/figure>\n<\/div>\n\n\n\n<div class=\"wp-block-column is-vertically-aligned-center tab__content has-medium-font-size has-global-padding is-content-justification-right is-layout-constrained wp-container-core-column-is-layout-f1f2ed93 wp-block-column-is-layout-constrained\" style=\"flex-basis:60%\">\n<p><\/p>\n\n\n\n<p>Pour la personnalisation des pages \u00e9v\u00e9nement de Ticketmaster et du processus de r\u00e9servation avec un look and feel propre \u00e0 l&#8217;\u00e9v\u00e9nement.<\/p>\n\n\n\n<ul class=\"wp-block-list\">\n<li>Logo de la marque&nbsp;:&nbsp;max. 44 x 200px (15&nbsp;KB, PNG)<\/li>\n\n\n\n<li>Couleurs&nbsp;: hex code pour l&#8217;en-t\u00eate, la barre, les boutons, les liens, l&#8217;arri\u00e8re-plan et le pied de page<\/li>\n<\/ul>\n<\/div>\n<\/div>\n\n<\/div>\t\n<\/div>\n<\/div>\t\n<\/div>","protected":false},"excerpt":{"rendered":"","protected":false},"author":42,"featured_media":0,"parent":0,"menu_order":6,"comment_status":"closed","ping_status":"closed","template":"","meta":{"_acf_changed":false,"_relevanssi_hide_post":"","_relevanssi_hide_content":"","_relevanssi_pin_for_all":"","_relevanssi_pin_keywords":"","_relevanssi_unpin_keywords":"","_relevanssi_related_keywords":"","_relevanssi_related_include_ids":"","_relevanssi_related_exclude_ids":"","_relevanssi_related_no_append":"","_relevanssi_related_not_related":"","_relevanssi_related_posts":"389,393,430,460,514,517","_relevanssi_noindex_reason":"","footnotes":""},"admin-category":[],"solution":[],"segment":[],"venue":[],"topic":[74],"class_list":["post-58767","page","type-page","status-publish","hentry","topic-event-marketing"],"acf":[],"_links":{"self":[{"href":"https:\/\/business.ticketmaster.ch\/fr\/wp-json\/wp\/v2\/pages\/58767","targetHints":{"allow":["GET"]}}],"collection":[{"href":"https:\/\/business.ticketmaster.ch\/fr\/wp-json\/wp\/v2\/pages"}],"about":[{"href":"https:\/\/business.ticketmaster.ch\/fr\/wp-json\/wp\/v2\/types\/page"}],"author":[{"embeddable":true,"href":"https:\/\/business.ticketmaster.ch\/fr\/wp-json\/wp\/v2\/users\/42"}],"replies":[{"embeddable":true,"href":"https:\/\/business.ticketmaster.ch\/fr\/wp-json\/wp\/v2\/comments?post=58767"}],"version-history":[{"count":0,"href":"https:\/\/business.ticketmaster.ch\/fr\/wp-json\/wp\/v2\/pages\/58767\/revisions"}],"wp:attachment":[{"href":"https:\/\/business.ticketmaster.ch\/fr\/wp-json\/wp\/v2\/media?parent=58767"}],"wp:term":[{"taxonomy":"admin-category","embeddable":true,"href":"https:\/\/business.ticketmaster.ch\/fr\/wp-json\/wp\/v2\/admin-category?post=58767"},{"taxonomy":"solution","embeddable":true,"href":"https:\/\/business.ticketmaster.ch\/fr\/wp-json\/wp\/v2\/solution?post=58767"},{"taxonomy":"segment","embeddable":true,"href":"https:\/\/business.ticketmaster.ch\/fr\/wp-json\/wp\/v2\/segment?post=58767"},{"taxonomy":"venue","embeddable":true,"href":"https:\/\/business.ticketmaster.ch\/fr\/wp-json\/wp\/v2\/venue?post=58767"},{"taxonomy":"topic","embeddable":true,"href":"https:\/\/business.ticketmaster.ch\/fr\/wp-json\/wp\/v2\/topic?post=58767"}],"curies":[{"name":"wp","href":"https:\/\/api.w.org\/{rel}","templated":true}]}}